{"id":50,"date":"2024-02-11T22:26:44","date_gmt":"2024-02-11T21:26:44","guid":{"rendered":"https:\/\/www.darasam.com\/?page_id=50"},"modified":"2024-02-12T13:39:15","modified_gmt":"2024-02-12T12:39:15","slug":"le-riad","status":"publish","type":"page","link":"https:\/\/www.darasam.com\/index.php\/le-riad\/","title":{"rendered":"Les Repas"},"content":{"rendered":"\n<div class=\"wp-block-columns is-layout-flex wp-container-core-columns-is-layout-9d6595d7 wp-block-columns-is-layout-flex\">\n<div class=\"wp-block-column is-layout-flow wp-block-column-is-layout-flow\">\n<figure data-wp-context=\"{&quot;imageId&quot;:&quot;69f0a31edca90&quot;}\" data-wp-interactive=\"core\/image\" data-wp-key=\"69f0a31edca90\" class=\"wp-block-image size-large is-style-rounded wp-lightbox-container\"><img loading=\"lazy\" decoding=\"async\" width=\"1024\" height=\"683\" data-wp-class--hide=\"state.isContentHidden\" data-wp-class--show=\"state.isContentVisible\" data-wp-init=\"callbacks.setButtonStyles\" data-wp-on--click=\"actions.showLightbox\" data-wp-on--load=\"callbacks.setButtonStyles\" data-wp-on-window--resize=\"callbacks.setButtonStyles\" src=\"http:\/\/www.darasam.com\/wp-content\/uploads\/2024\/02\/OH9R8555-1024x683.jpg\" alt=\"\" class=\"wp-image-84\" srcset=\"https:\/\/www.darasam.com\/wp-content\/uploads\/2024\/02\/OH9R8555-1024x683.jpg 1024w, https:\/\/www.darasam.com\/wp-content\/uploads\/2024\/02\/OH9R8555-300x200.jpg 300w, https:\/\/www.darasam.com\/wp-content\/uploads\/2024\/02\/OH9R8555-768x512.jpg 768w, https:\/\/www.darasam.com\/wp-content\/uploads\/2024\/02\/OH9R8555-1536x1024.jpg 1536w, https:\/\/www.darasam.com\/wp-content\/uploads\/2024\/02\/OH9R8555-2048x1365.jpg 2048w, https:\/\/www.darasam.com\/wp-content\/uploads\/2024\/02\/OH9R8555-840x560.jpg 840w, https:\/\/www.darasam.com\/wp-content\/uploads\/2024\/02\/OH9R8555-2000x1333.jpg 2000w\" sizes=\"auto, (max-width: 1024px) 100vw, 1024px\" \/><button\n\t\t\tclass=\"lightbox-trigger\"\n\t\t\ttype=\"button\"\n\t\t\taria-haspopup=\"dialog\"\n\t\t\taria-label=\"Agrandir\"\n\t\t\tdata-wp-init=\"callbacks.initTriggerButton\"\n\t\t\tdata-wp-on--click=\"actions.showLightbox\"\n\t\t\tdata-wp-style--right=\"state.imageButtonRight\"\n\t\t\tdata-wp-style--top=\"state.imageButtonTop\"\n\t\t>\n\t\t\t<svg xmlns=\"http:\/\/www.w3.org\/2000\/svg\" width=\"12\" height=\"12\" fill=\"none\" viewBox=\"0 0 12 12\">\n\t\t\t\t<path fill=\"#fff\" d=\"M2 0a2 2 0 0 0-2 2v2h1.5V2a.5.5 0 0 1 .5-.5h2V0H2Zm2 10.5H2a.5.5 0 0 1-.5-.5V8H0v2a2 2 0 0 0 2 2h2v-1.5ZM8 12v-1.5h2a.5.5 0 0 0 .5-.5V8H12v2a2 2 0 0 1-2 2H8Zm2-12a2 2 0 0 1 2 2v2h-1.5V2a.5.5 0 0 0-.5-.5H8V0h2Z\" \/>\n\t\t\t<\/svg>\n\t\t<\/button><\/figure>\n\n\n\n<blockquote class=\"wp-block-quote is-layout-flow wp-block-quote-is-layout-flow\">\n<p class=\"has-medium-font-size\"><strong>Le Petit D\u00e9jeuner<\/strong><\/p>\n\n\n\n<p class=\"has-medium-font-size\">Le petit-d\u00e9jeuner est servi tous les matins, horaires \u00e0 confirmer \u00e0 l&rsquo;accueil, au plus tard la veille au soir.<\/p>\n\n\n\n<p class=\"has-medium-font-size\">Vous y trouverez diff\u00e9rentes sp\u00e9cialit\u00e9s locales accompagn\u00e9es du jus d&rsquo;oranges press\u00e9es ainsi que des boissons chaudes.<\/p>\n\n\n\n<p class=\"has-medium-font-size\">Le petit-d\u00e9jeuner est r\u00e9guli\u00e8rement servi en rooftop si le temps le permet, vous pourrez pleinement en profiter avec la vue sur la M\u00e9dina.<\/p>\n\n\n\n<p class=\"has-medium-font-size\"><strong>Petit d\u00e9jeuner inclus avec la chambre<\/strong><\/p>\n<\/blockquote>\n<\/div>\n\n\n\n<div class=\"wp-block-column is-layout-flow wp-block-column-is-layout-flow\">\n<figure data-wp-context=\"{&quot;imageId&quot;:&quot;69f0a31edd792&quot;}\" data-wp-interactive=\"core\/image\" data-wp-key=\"69f0a31edd792\" class=\"wp-block-image size-large is-style-rounded wp-lightbox-container\"><img loading=\"lazy\" decoding=\"async\" width=\"683\" height=\"1024\" data-wp-class--hide=\"state.isContentHidden\" data-wp-class--show=\"state.isContentVisible\" data-wp-init=\"callbacks.setButtonStyles\" data-wp-on--click=\"actions.showLightbox\" data-wp-on--load=\"callbacks.setButtonStyles\" data-wp-on-window--resize=\"callbacks.setButtonStyles\" src=\"http:\/\/www.darasam.com\/wp-content\/uploads\/2024\/02\/OH9R9007-683x1024.jpg\" alt=\"\" class=\"wp-image-46\" style=\"aspect-ratio:3\/2;object-fit:cover\" srcset=\"https:\/\/www.darasam.com\/wp-content\/uploads\/2024\/02\/OH9R9007-683x1024.jpg 683w, https:\/\/www.darasam.com\/wp-content\/uploads\/2024\/02\/OH9R9007-200x300.jpg 200w, https:\/\/www.darasam.com\/wp-content\/uploads\/2024\/02\/OH9R9007-768x1152.jpg 768w, https:\/\/www.darasam.com\/wp-content\/uploads\/2024\/02\/OH9R9007-1024x1536.jpg 1024w, https:\/\/www.darasam.com\/wp-content\/uploads\/2024\/02\/OH9R9007-1365x2048.jpg 1365w, https:\/\/www.darasam.com\/wp-content\/uploads\/2024\/02\/OH9R9007-373x560.jpg 373w, https:\/\/www.darasam.com\/wp-content\/uploads\/2024\/02\/OH9R9007-2000x3000.jpg 2000w, https:\/\/www.darasam.com\/wp-content\/uploads\/2024\/02\/OH9R9007-scaled.jpg 1707w\" sizes=\"auto, (max-width: 683px) 100vw, 683px\" \/><button\n\t\t\tclass=\"lightbox-trigger\"\n\t\t\ttype=\"button\"\n\t\t\taria-haspopup=\"dialog\"\n\t\t\taria-label=\"Agrandir\"\n\t\t\tdata-wp-init=\"callbacks.initTriggerButton\"\n\t\t\tdata-wp-on--click=\"actions.showLightbox\"\n\t\t\tdata-wp-style--right=\"state.imageButtonRight\"\n\t\t\tdata-wp-style--top=\"state.imageButtonTop\"\n\t\t>\n\t\t\t<svg xmlns=\"http:\/\/www.w3.org\/2000\/svg\" width=\"12\" height=\"12\" fill=\"none\" viewBox=\"0 0 12 12\">\n\t\t\t\t<path fill=\"#fff\" d=\"M2 0a2 2 0 0 0-2 2v2h1.5V2a.5.5 0 0 1 .5-.5h2V0H2Zm2 10.5H2a.5.5 0 0 1-.5-.5V8H0v2a2 2 0 0 0 2 2h2v-1.5ZM8 12v-1.5h2a.5.5 0 0 0 .5-.5V8H12v2a2 2 0 0 1-2 2H8Zm2-12a2 2 0 0 1 2 2v2h-1.5V2a.5.5 0 0 0-.5-.5H8V0h2Z\" \/>\n\t\t\t<\/svg>\n\t\t<\/button><\/figure>\n\n\n\n<blockquote class=\"wp-block-quote is-layout-flow wp-block-quote-is-layout-flow\">\n<p class=\"has-medium-font-size\"><strong>Le Diner au Riad Dar Asam<\/strong><\/p>\n\n\n\n<p class=\"has-medium-font-size\">D\u00e9couvrez la gastronomie marocaine \u00e0 travers<strong> la cuisine de Sana<\/strong> qui souhaite mettre en avant les meilleurs produits locaux et artisanaux.<\/p>\n\n\n\n<p class=\"has-medium-font-size\">Profitez de nos espaces de restauration dans la cour int\u00e9rieure ou sur le rooftop du Riad avec la vue imprenable sur la Medina et la Koutoubia.<\/p>\n\n\n\n<p class=\"has-medium-font-size\">Des restrictions ou pr\u00e9f\u00e9rences alimentaires ? La cuisine est faite maison, les \u00e9quipes modulerons le menu en fonction de vos envies ou besoins.<\/p>\n\n\n\n<p class=\"has-medium-font-size\"><strong>D\u00e9jeuner : 12 \u20ac \/personne<br>D\u00eener : 22\u20ac \/ personne<\/strong><\/p>\n<cite>sur r\u00e9servation 24h<\/cite><\/blockquote>\n<\/div>\n<\/div>\n\n\n\n<p><\/p>\n","protected":false},"excerpt":{"rendered":"<p>Le Petit D\u00e9jeuner Le petit-d\u00e9jeuner est servi tous les matins, horaires \u00e0 confirmer \u00e0 l&rsquo;accueil, au plus tard la veille au soir. Vous y trouverez diff\u00e9rentes sp\u00e9cialit\u00e9s locales accompagn\u00e9es du jus d&rsquo;oranges press\u00e9es ainsi que des boissons chaudes. Le petit-d\u00e9jeuner est r\u00e9guli\u00e8rement servi en rooftop si le temps le permet, vous pourrez pleinement en profiter &hellip; <a href=\"https:\/\/www.darasam.com\/index.php\/le-riad\/\" class=\"more-link\">Continue reading<span class=\"screen-reader-text\"> \u00ab\u00a0Les Repas\u00a0\u00bb<\/span><\/a><\/p>\n","protected":false},"author":1,"featured_media":86,"parent":0,"menu_order":0,"comment_status":"closed","ping_status":"closed","template":"template-full-width-page.php","meta":{"footnotes":""},"class_list":["post-50","page","type-page","status-publish","has-post-thumbnail","hentry"],"_links":{"self":[{"href":"https:\/\/www.darasam.com\/index.php\/wp-json\/wp\/v2\/pages\/50","targetHints":{"allow":["GET"]}}],"collection":[{"href":"https:\/\/www.darasam.com\/index.php\/wp-json\/wp\/v2\/pages"}],"about":[{"href":"https:\/\/www.darasam.com\/index.php\/wp-json\/wp\/v2\/types\/page"}],"author":[{"embeddable":true,"href":"https:\/\/www.darasam.com\/index.php\/wp-json\/wp\/v2\/users\/1"}],"replies":[{"embeddable":true,"href":"https:\/\/www.darasam.com\/index.php\/wp-json\/wp\/v2\/comments?post=50"}],"version-history":[{"count":6,"href":"https:\/\/www.darasam.com\/index.php\/wp-json\/wp\/v2\/pages\/50\/revisions"}],"predecessor-version":[{"id":137,"href":"https:\/\/www.darasam.com\/index.php\/wp-json\/wp\/v2\/pages\/50\/revisions\/137"}],"wp:featuredmedia":[{"embeddable":true,"href":"https:\/\/www.darasam.com\/index.php\/wp-json\/wp\/v2\/media\/86"}],"wp:attachment":[{"href":"https:\/\/www.darasam.com\/index.php\/wp-json\/wp\/v2\/media?parent=50"}],"curies":[{"name":"wp","href":"https:\/\/api.w.org\/{rel}","templated":true}]}}