{"id":20,"date":"2024-02-11T20:14:56","date_gmt":"2024-02-11T19:14:56","guid":{"rendered":"https:\/\/www.darasam.com\/?page_id=20"},"modified":"2024-02-12T19:17:46","modified_gmt":"2024-02-12T18:17:46","slug":"services","status":"publish","type":"page","link":"https:\/\/www.darasam.com\/index.php\/services\/","title":{"rendered":"Services &#038; Informations"},"content":{"rendered":"\n<div class=\"wp-block-columns is-layout-flex wp-container-core-columns-is-layout-9d6595d7 wp-block-columns-is-layout-flex\">\n<div class=\"wp-block-column is-vertically-aligned-center is-layout-flow wp-block-column-is-layout-flow\" style=\"flex-basis:10%\"><div class=\"wp-block-image\">\n<figure class=\"aligncenter size-full is-resized\"><img loading=\"lazy\" decoding=\"async\" width=\"138\" height=\"144\" src=\"http:\/\/www.darasam.com\/wp-content\/uploads\/2024\/02\/Capture-decran-2024-02-12-a-12.41.09.png\" alt=\"\" class=\"wp-image-73\" style=\"width:86px;height:auto\"\/><\/figure>\n<\/div><\/div>\n\n\n\n<div class=\"wp-block-column is-vertically-aligned-center is-layout-flow wp-block-column-is-layout-flow\" style=\"flex-basis:90%\">\n<p>Vous souhaitez r\u00e9server un taxi pour la ville ou l&rsquo;a\u00e9roport ? Nos \u00e9quipes sont \u00e0 votre disposition pour g\u00e9rer votre r\u00e9servation dans les meilleurs d\u00e9lais.<\/p>\n<\/div>\n<\/div>\n\n\n\n<div class=\"wp-block-columns is-layout-flex wp-container-core-columns-is-layout-9d6595d7 wp-block-columns-is-layout-flex\">\n<div class=\"wp-block-column is-vertically-aligned-center is-layout-flow wp-block-column-is-layout-flow\" style=\"flex-basis:10%\"><div class=\"wp-block-image\">\n<figure class=\"aligncenter size-full is-resized\"><img loading=\"lazy\" decoding=\"async\" width=\"122\" height=\"144\" src=\"http:\/\/www.darasam.com\/wp-content\/uploads\/2024\/02\/Capture-decran-2024-02-12-a-12.40.57.png\" alt=\"\" class=\"wp-image-72\" style=\"width:86px;height:auto\"\/><\/figure>\n<\/div><\/div>\n\n\n\n<div class=\"wp-block-column is-vertically-aligned-center is-layout-flow wp-block-column-is-layout-flow\" style=\"flex-basis:90%\">\n<p>Un coffre-fort est \u00e0 votre disposition dans votre chambre, pour l&rsquo;ouvrir et le fermer, munissez-vous de la cl\u00e9. Pensez \u00e0 bien la laisser \u00e0 la fin de votre s\u00e9jour.<\/p>\n<\/div>\n<\/div>\n\n\n\n<div class=\"wp-block-columns is-layout-flex wp-container-core-columns-is-layout-9d6595d7 wp-block-columns-is-layout-flex\">\n<div class=\"wp-block-column is-vertically-aligned-center is-layout-flow wp-block-column-is-layout-flow\" style=\"flex-basis:10%\"><div class=\"wp-block-image\">\n<figure class=\"aligncenter size-full is-resized\"><img loading=\"lazy\" decoding=\"async\" width=\"116\" height=\"140\" src=\"http:\/\/www.darasam.com\/wp-content\/uploads\/2024\/02\/Capture-decran-2024-02-12-a-12.40.48.png\" alt=\"\" class=\"wp-image-70\" style=\"width:86px;height:auto\"\/><\/figure>\n<\/div><\/div>\n\n\n\n<div class=\"wp-block-column is-vertically-aligned-center is-layout-flow wp-block-column-is-layout-flow\" style=\"flex-basis:90%\">\n<p>Vos bagages peuvent \u00eatre laiss\u00e9s gratuitement dans l&rsquo;espace bagagerie \u00e0 la r\u00e9ception du riad. Nos \u00e9quipes de r\u00e9ception sont \u00e0 votre disposition pour vous monter vos bagages en chambre.<\/p>\n<\/div>\n<\/div>\n\n\n\n<div class=\"wp-block-columns is-layout-flex wp-container-core-columns-is-layout-9d6595d7 wp-block-columns-is-layout-flex\">\n<div class=\"wp-block-column is-vertically-aligned-center is-layout-flow wp-block-column-is-layout-flow\" style=\"flex-basis:10%\"><div class=\"wp-block-image\">\n<figure class=\"aligncenter size-full is-resized\"><img loading=\"lazy\" decoding=\"async\" width=\"140\" height=\"132\" src=\"http:\/\/www.darasam.com\/wp-content\/uploads\/2024\/02\/Capture-decran-2024-02-12-a-12.40.42.png\" alt=\"\" class=\"wp-image-69\" style=\"width:86px;height:auto\"\/><\/figure>\n<\/div><\/div>\n\n\n\n<div class=\"wp-block-column is-vertically-aligned-center is-layout-flow wp-block-column-is-layout-flow\" style=\"flex-basis:90%\">\n<p>Vous trouverez \u00e0 votre disposition un service wifi gratuit et illimit\u00e9.<\/p>\n<\/div>\n<\/div>\n\n\n\n<div class=\"wp-block-columns is-layout-flex wp-container-core-columns-is-layout-9d6595d7 wp-block-columns-is-layout-flex\">\n<div class=\"wp-block-column is-vertically-aligned-center is-layout-flow wp-block-column-is-layout-flow\" style=\"flex-basis:10%\"><div class=\"wp-block-image\">\n<figure class=\"aligncenter size-full is-resized\"><img loading=\"lazy\" decoding=\"async\" width=\"156\" height=\"136\" src=\"http:\/\/www.darasam.com\/wp-content\/uploads\/2024\/02\/Capture-decran-2024-02-12-a-12.41.19.png\" alt=\"\" class=\"wp-image-75\" style=\"width:86px;height:auto\"\/><\/figure>\n<\/div><\/div>\n\n\n\n<div class=\"wp-block-column is-vertically-aligned-center is-layout-flow wp-block-column-is-layout-flow\" style=\"flex-basis:90%\">\n<p class=\"has-text-align-left\" style=\"font-style:normal;font-weight:400\">Un service de blanchisserie est \u00e0 votre disposition. Si vous d\u00e9sirez b\u00e9n\u00e9ficier de ce service, vous devez remplir la fiche de blanchisserie (qui se trouve \u00e0 la suite) et d\u00e9poser vos affaires \u00e0 la r\u00e9ception avant 10h00 sauf le dimanche et jours f\u00e9ri\u00e9s.<\/p>\n<\/div>\n<\/div>\n\n\n\n<div class=\"wp-block-columns is-layout-flex wp-container-core-columns-is-layout-9d6595d7 wp-block-columns-is-layout-flex\">\n<div class=\"wp-block-column is-vertically-aligned-center is-layout-flow wp-block-column-is-layout-flow\" style=\"flex-basis:10%\"><div class=\"wp-block-image\">\n<figure class=\"aligncenter size-full is-resized\"><img loading=\"lazy\" decoding=\"async\" width=\"158\" height=\"154\" src=\"http:\/\/www.darasam.com\/wp-content\/uploads\/2024\/02\/Capture-decran-2024-02-12-a-12.41.15.png\" alt=\"\" class=\"wp-image-74\" style=\"width:86px;height:auto\"\/><\/figure>\n<\/div><\/div>\n\n\n\n<div class=\"wp-block-column is-vertically-aligned-center is-layout-flow wp-block-column-is-layout-flow\" style=\"flex-basis:90%\">\n<p class=\"has-text-align-left\" style=\"font-style:normal;font-weight:400\">Vous avez la possibilit\u00e9 d&rsquo;\u00eatre r\u00e9veill\u00e9(e) sur simple demande \u00e0 la r\u00e9ception.<\/p>\n<\/div>\n<\/div>\n\n\n\n<div class=\"wp-block-columns is-layout-flex wp-container-core-columns-is-layout-9d6595d7 wp-block-columns-is-layout-flex\">\n<div class=\"wp-block-column is-vertically-aligned-center is-layout-flow wp-block-column-is-layout-flow\" style=\"flex-basis:10%\"><div class=\"wp-block-image\">\n<figure class=\"aligncenter size-full is-resized\"><img loading=\"lazy\" decoding=\"async\" width=\"182\" height=\"164\" src=\"http:\/\/www.darasam.com\/wp-content\/uploads\/2024\/02\/Capture-decran-2024-02-12-a-12.41.23.png\" alt=\"\" class=\"wp-image-76\" style=\"width:86px;height:auto\"\/><\/figure>\n<\/div><\/div>\n\n\n\n<div class=\"wp-block-column is-vertically-aligned-center is-layout-flow wp-block-column-is-layout-flow\" style=\"flex-basis:90%\">\n<p class=\"has-text-align-left\" style=\"font-style:normal;font-weight:400\">Concernant le paiement de votre s\u00e9jour, extras et taxes de s\u00e9jours, le Riad Dar Asam accepte uniquement les paiements en esp\u00e8ces (Devise Euro, Drh).<\/p>\n<\/div>\n<\/div>\n\n\n\n<div class=\"wp-block-columns is-layout-flex wp-container-core-columns-is-layout-9d6595d7 wp-block-columns-is-layout-flex\">\n<div class=\"wp-block-column is-vertically-aligned-center is-layout-flow wp-block-column-is-layout-flow\" style=\"flex-basis:10%\"><div class=\"wp-block-image\">\n<figure class=\"aligncenter size-full is-resized\"><img loading=\"lazy\" decoding=\"async\" width=\"136\" height=\"138\" src=\"http:\/\/www.darasam.com\/wp-content\/uploads\/2024\/02\/Capture-decran-2024-02-12-a-12.41.26.png\" alt=\"\" class=\"wp-image-77\" style=\"width:86px;height:auto\"\/><\/figure>\n<\/div><\/div>\n\n\n\n<div class=\"wp-block-column is-vertically-aligned-center is-layout-flow wp-block-column-is-layout-flow\" style=\"flex-basis:90%\">\n<p class=\"has-text-align-left\" style=\"font-style:normal;font-weight:400\">Des bureaux de changes sont disponibles \u00e0 proximit\u00e9 du Riad, notre \u00e9quipe de r\u00e9ception vous indiquera comment vous y rendre.<\/p>\n<\/div>\n<\/div>\n","protected":false},"excerpt":{"rendered":"<p>Vous souhaitez r\u00e9server un taxi pour la ville ou l&rsquo;a\u00e9roport ? Nos \u00e9quipes sont \u00e0 votre disposition pour g\u00e9rer votre r\u00e9servation dans les meilleurs d\u00e9lais. Un coffre-fort est \u00e0 votre disposition dans votre chambre, pour l&rsquo;ouvrir et le fermer, munissez-vous de la cl\u00e9. Pensez \u00e0 bien la laisser \u00e0 la fin de votre s\u00e9jour. Vos &hellip; <a href=\"https:\/\/www.darasam.com\/index.php\/services\/\" class=\"more-link\">Continue reading<span class=\"screen-reader-text\"> \u00ab\u00a0Services &#038; Informations\u00a0\u00bb<\/span><\/a><\/p>\n","protected":false},"author":1,"featured_media":158,"parent":0,"menu_order":0,"comment_status":"closed","ping_status":"closed","template":"template-full-width-page.php","meta":{"footnotes":""},"class_list":["post-20","page","type-page","status-publish","has-post-thumbnail","hentry"],"_links":{"self":[{"href":"https:\/\/www.darasam.com\/index.php\/wp-json\/wp\/v2\/pages\/20","targetHints":{"allow":["GET"]}}],"collection":[{"href":"https:\/\/www.darasam.com\/index.php\/wp-json\/wp\/v2\/pages"}],"about":[{"href":"https:\/\/www.darasam.com\/index.php\/wp-json\/wp\/v2\/types\/page"}],"author":[{"embeddable":true,"href":"https:\/\/www.darasam.com\/index.php\/wp-json\/wp\/v2\/users\/1"}],"replies":[{"embeddable":true,"href":"https:\/\/www.darasam.com\/index.php\/wp-json\/wp\/v2\/comments?post=20"}],"version-history":[{"count":4,"href":"https:\/\/www.darasam.com\/index.php\/wp-json\/wp\/v2\/pages\/20\/revisions"}],"predecessor-version":[{"id":169,"href":"https:\/\/www.darasam.com\/index.php\/wp-json\/wp\/v2\/pages\/20\/revisions\/169"}],"wp:featuredmedia":[{"embeddable":true,"href":"https:\/\/www.darasam.com\/index.php\/wp-json\/wp\/v2\/media\/158"}],"wp:attachment":[{"href":"https:\/\/www.darasam.com\/index.php\/wp-json\/wp\/v2\/media?parent=20"}],"curies":[{"name":"wp","href":"https:\/\/api.w.org\/{rel}","templated":true}]}}