{"id":2,"date":"2024-02-11T13:06:37","date_gmt":"2024-02-11T12:06:37","guid":{"rendered":"http:\/\/www.darasam.com\/?page_id=2"},"modified":"2025-10-27T13:24:59","modified_gmt":"2025-10-27T12:24:59","slug":"page-d-exemple","status":"publish","type":"page","link":"https:\/\/www.darasam.com\/","title":{"rendered":"Bienvenue au Riad Dar Asam"},"content":{"rendered":"\n<p>Id\u00e9alement situ\u00e9 dans la m\u00e9dina au c\u0153ur du centre historique et culturel de Marrakech, \u00e0 5 minutes de la c\u00e9l\u00e8bre Place Jemma El Fna\u00a0et \u00e0 quelques pas de la Place des \u00c9pices, <strong>Dar Asam<\/strong>\u00a0 est un riad chaleureux associant traditions orientales et modernisme.<\/p>\n\n\n\n<p>Dans un style \u00e9pur\u00e9,&nbsp;<strong>Dar Asam<\/strong>&nbsp;propose au rez de chauss\u00e9e 2 Suites Junior, une salle \u00e0 manger et un salon s\u2019articulant autour du patio et de son bassin. Au 1er \u00e9tage, 3 autres Suites Juniors, dont une \u00e0 3 lits, desservies par une galerie donnent \u00e9galement sur le patio.<\/p>\n\n\n\n<hr class=\"wp-block-separator has-alpha-channel-opacity\"\/>\n\n\n\n<div class=\"wp-block-columns is-layout-flex wp-container-core-columns-is-layout-9d6595d7 wp-block-columns-is-layout-flex\">\n<div class=\"wp-block-column is-layout-flow wp-block-column-is-layout-flow\">\n<figure class=\"wp-block-image size-large\"><a href=\"https:\/\/www.darasam.com\/index.php\/chambres\/\"><img loading=\"lazy\" decoding=\"async\" width=\"683\" height=\"1024\" src=\"https:\/\/www.darasam.com\/wp-content\/uploads\/2024\/02\/OH9R8420-683x1024.jpg\" alt=\"\" class=\"wp-image-45\" srcset=\"https:\/\/www.darasam.com\/wp-content\/uploads\/2024\/02\/OH9R8420-683x1024.jpg 683w, https:\/\/www.darasam.com\/wp-content\/uploads\/2024\/02\/OH9R8420-200x300.jpg 200w, https:\/\/www.darasam.com\/wp-content\/uploads\/2024\/02\/OH9R8420-768x1152.jpg 768w, https:\/\/www.darasam.com\/wp-content\/uploads\/2024\/02\/OH9R8420-1024x1536.jpg 1024w, https:\/\/www.darasam.com\/wp-content\/uploads\/2024\/02\/OH9R8420-1365x2048.jpg 1365w, https:\/\/www.darasam.com\/wp-content\/uploads\/2024\/02\/OH9R8420-373x560.jpg 373w, https:\/\/www.darasam.com\/wp-content\/uploads\/2024\/02\/OH9R8420-2000x3000.jpg 2000w, https:\/\/www.darasam.com\/wp-content\/uploads\/2024\/02\/OH9R8420-scaled.jpg 1707w\" sizes=\"auto, (max-width: 683px) 100vw, 683px\" \/><\/a><\/figure>\n\n\n\n<p class=\"has-text-align-center\">LES CHAMBRES<\/p>\n<\/div>\n\n\n\n<div class=\"wp-block-column is-layout-flow wp-block-column-is-layout-flow\">\n<figure class=\"wp-block-image size-large\"><a href=\"https:\/\/www.darasam.com\/index.php\/le-riad\/\"><img loading=\"lazy\" decoding=\"async\" width=\"683\" height=\"1024\" src=\"https:\/\/www.darasam.com\/wp-content\/uploads\/2024\/02\/OH9R8594-683x1024.jpg\" alt=\"\" class=\"wp-image-47\" srcset=\"https:\/\/www.darasam.com\/wp-content\/uploads\/2024\/02\/OH9R8594-683x1024.jpg 683w, https:\/\/www.darasam.com\/wp-content\/uploads\/2024\/02\/OH9R8594-200x300.jpg 200w, https:\/\/www.darasam.com\/wp-content\/uploads\/2024\/02\/OH9R8594-768x1152.jpg 768w, https:\/\/www.darasam.com\/wp-content\/uploads\/2024\/02\/OH9R8594-1024x1536.jpg 1024w, https:\/\/www.darasam.com\/wp-content\/uploads\/2024\/02\/OH9R8594-1365x2048.jpg 1365w, https:\/\/www.darasam.com\/wp-content\/uploads\/2024\/02\/OH9R8594-373x560.jpg 373w, https:\/\/www.darasam.com\/wp-content\/uploads\/2024\/02\/OH9R8594-2000x3000.jpg 2000w, https:\/\/www.darasam.com\/wp-content\/uploads\/2024\/02\/OH9R8594-scaled.jpg 1707w\" sizes=\"auto, (max-width: 683px) 100vw, 683px\" \/><\/a><\/figure>\n\n\n\n<p class=\"has-text-align-center\">LES REPAS<\/p>\n<\/div>\n\n\n\n<div class=\"wp-block-column is-layout-flow wp-block-column-is-layout-flow\">\n<figure class=\"wp-block-image size-large\"><a href=\"https:\/\/www.darasam.com\/index.php\/services\/\"><img loading=\"lazy\" decoding=\"async\" width=\"683\" height=\"1024\" src=\"https:\/\/www.darasam.com\/wp-content\/uploads\/2024\/02\/OH9R8954-683x1024.jpg\" alt=\"\" class=\"wp-image-49\" srcset=\"https:\/\/www.darasam.com\/wp-content\/uploads\/2024\/02\/OH9R8954-683x1024.jpg 683w, https:\/\/www.darasam.com\/wp-content\/uploads\/2024\/02\/OH9R8954-200x300.jpg 200w, https:\/\/www.darasam.com\/wp-content\/uploads\/2024\/02\/OH9R8954-768x1152.jpg 768w, https:\/\/www.darasam.com\/wp-content\/uploads\/2024\/02\/OH9R8954-1024x1536.jpg 1024w, https:\/\/www.darasam.com\/wp-content\/uploads\/2024\/02\/OH9R8954-1365x2048.jpg 1365w, https:\/\/www.darasam.com\/wp-content\/uploads\/2024\/02\/OH9R8954-373x560.jpg 373w, https:\/\/www.darasam.com\/wp-content\/uploads\/2024\/02\/OH9R8954-2000x3000.jpg 2000w, https:\/\/www.darasam.com\/wp-content\/uploads\/2024\/02\/OH9R8954-scaled.jpg 1707w\" sizes=\"auto, (max-width: 683px) 100vw, 683px\" \/><\/a><\/figure>\n\n\n\n<p class=\"has-text-align-center\">LES SERVICES<\/p>\n<\/div>\n<\/div>\n\n\n\n<hr class=\"wp-block-separator has-alpha-channel-opacity is-style-default\"\/>\n\n\n\n<div class=\"thais_calendar_widget\" align=\"center\" data-instance=\"darasam\" data-nb-months=\"1\">\n\n\n\n<h2 class=\"wp-block-heading\">Nous trouver :<\/h2>\n\n\n\n<iframe src=\"https:\/\/www.google.com\/maps\/embed?pb=!1m18!1m12!1m3!1d3967.7973341446864!2d-7.987448688387265!3d31.62898324165937!2m3!1f0!2f0!3f0!3m2!1i1024!2i768!4f13.1!3m3!1m2!1s0xdafee6a70e4148d%3A0x4adca96de6ee6a98!2sRiad%20Dar%20Asam!5e1!3m2!1sfr!2sfr!4v1761567010017!5m2!1sfr!2sfr\" width=\"600\" height=\"450\" style=\"border:0;\" allowfullscreen=\"\" loading=\"lazy\" referrerpolicy=\"no-referrer-when-downgrade\"><\/iframe>\n","protected":false},"excerpt":{"rendered":"<p>Id\u00e9alement situ\u00e9 dans la m\u00e9dina au c\u0153ur du centre historique et culturel de Marrakech, \u00e0 5 minutes de la c\u00e9l\u00e8bre Place Jemma El Fna\u00a0et \u00e0 quelques pas de la Place des \u00c9pices, Dar Asam\u00a0 est un riad chaleureux associant traditions orientales et modernisme. Dans un style \u00e9pur\u00e9,&nbsp;Dar Asam&nbsp;propose au rez de chauss\u00e9e 2 Suites Junior, &hellip; <a href=\"https:\/\/www.darasam.com\/\" class=\"more-link\">Continue reading<span class=\"screen-reader-text\"> \u00ab\u00a0Bienvenue au Riad Dar Asam\u00a0\u00bb<\/span><\/a><\/p>\n","protected":false},"author":1,"featured_media":29,"parent":0,"menu_order":0,"comment_status":"closed","ping_status":"open","template":"template-front-page.php","meta":{"footnotes":""},"class_list":["post-2","page","type-page","status-publish","has-post-thumbnail","hentry"],"_links":{"self":[{"href":"https:\/\/www.darasam.com\/index.php\/wp-json\/wp\/v2\/pages\/2","targetHints":{"allow":["GET"]}}],"collection":[{"href":"https:\/\/www.darasam.com\/index.php\/wp-json\/wp\/v2\/pages"}],"about":[{"href":"https:\/\/www.darasam.com\/index.php\/wp-json\/wp\/v2\/types\/page"}],"author":[{"embeddable":true,"href":"https:\/\/www.darasam.com\/index.php\/wp-json\/wp\/v2\/users\/1"}],"replies":[{"embeddable":true,"href":"https:\/\/www.darasam.com\/index.php\/wp-json\/wp\/v2\/comments?post=2"}],"version-history":[{"count":27,"href":"https:\/\/www.darasam.com\/index.php\/wp-json\/wp\/v2\/pages\/2\/revisions"}],"predecessor-version":[{"id":187,"href":"https:\/\/www.darasam.com\/index.php\/wp-json\/wp\/v2\/pages\/2\/revisions\/187"}],"wp:featuredmedia":[{"embeddable":true,"href":"https:\/\/www.darasam.com\/index.php\/wp-json\/wp\/v2\/media\/29"}],"wp:attachment":[{"href":"https:\/\/www.darasam.com\/index.php\/wp-json\/wp\/v2\/media?parent=2"}],"curies":[{"name":"wp","href":"https:\/\/api.w.org\/{rel}","templated":true}]}}