{"id":180,"date":"2025-10-27T13:21:28","date_gmt":"2025-10-27T12:21:28","guid":{"rendered":"https:\/\/www.darasam.com\/?page_id=180"},"modified":"2025-10-27T13:21:28","modified_gmt":"2025-10-27T12:21:28","slug":"comment-nous-trouver","status":"publish","type":"page","link":"https:\/\/www.darasam.com\/index.php\/comment-nous-trouver\/","title":{"rendered":"Comment nous trouver :"},"content":{"rendered":"\n<p>53 bis Derb El Cadi, quartiez Azbetz<\/p>\n\n\n\n<p>A quelques pas de la c\u00e9l\u00e8bre Place des Epices et \u00e0 5 minutes de la place Jemaa el Fna<\/p>\n\n\n\n<p><\/p>\n\n\n\n<div style=\"text-align: center;\">\n  <iframe \n    src=\"https:\/\/www.google.com\/maps\/embed?pb=!1m18!1m12!1m3!1d3967.7972175902787!2d-7.987448688311495!3d31.628983241659427!2m3!1f0!2f0!3f0!3m2!1i1024!2i768!4f13.1!3m3!1m2!1s0xdafee6a70e4148d%3A0x4adca96de6ee6a98!2sRiad%20Dar%20Asam!5e1!3m2!1sfr!2sfr!4v1761567460934!5m2!1sfr!2sfr\" \n    width=\"600\" \n    height=\"450\" \n    style=\"border:0;\" \n    allowfullscreen=\"\" \n    loading=\"lazy\">\n  <\/iframe>\n<\/div>\n\n\n\n<p><a href=\"\"><\/a><\/p>\n","protected":false},"excerpt":{"rendered":"<p>53 bis Derb El Cadi, quartiez Azbetz A quelques pas de la c\u00e9l\u00e8bre Place des Epices et \u00e0 5 minutes de la place Jemaa el Fna<\/p>\n","protected":false},"author":1,"featured_media":0,"parent":0,"menu_order":0,"comment_status":"closed","ping_status":"closed","template":"","meta":{"footnotes":""},"class_list":["post-180","page","type-page","status-publish","hentry"],"_links":{"self":[{"href":"https:\/\/www.darasam.com\/index.php\/wp-json\/wp\/v2\/pages\/180","targetHints":{"allow":["GET"]}}],"collection":[{"href":"https:\/\/www.darasam.com\/index.php\/wp-json\/wp\/v2\/pages"}],"about":[{"href":"https:\/\/www.darasam.com\/index.php\/wp-json\/wp\/v2\/types\/page"}],"author":[{"embeddable":true,"href":"https:\/\/www.darasam.com\/index.php\/wp-json\/wp\/v2\/users\/1"}],"replies":[{"embeddable":true,"href":"https:\/\/www.darasam.com\/index.php\/wp-json\/wp\/v2\/comments?post=180"}],"version-history":[{"count":1,"href":"https:\/\/www.darasam.com\/index.php\/wp-json\/wp\/v2\/pages\/180\/revisions"}],"predecessor-version":[{"id":182,"href":"https:\/\/www.darasam.com\/index.php\/wp-json\/wp\/v2\/pages\/180\/revisions\/182"}],"wp:attachment":[{"href":"https:\/\/www.darasam.com\/index.php\/wp-json\/wp\/v2\/media?parent=180"}],"curies":[{"name":"wp","href":"https:\/\/api.w.org\/{rel}","templated":true}]}}